{"id":9,"date":"2019-05-14T19:49:42","date_gmt":"2019-05-14T17:49:42","guid":{"rendered":"https:\/\/trombonanza.com.ar\/extranjeros\/?page_id=9"},"modified":"2026-04-22T13:10:19","modified_gmt":"2026-04-22T16:10:19","slug":"inscripcion","status":"publish","type":"page","link":"https:\/\/trombonanza.com.ar\/extranjeros\/","title":{"rendered":"Inscripci\u00f3n Extranjeros"},"content":{"rendered":"\n\t<div id=\"gap-918832602\" class=\"gap-element clearfix\" style=\"display:block; height:auto;\">\n\t\t\n<style>\n#gap-918832602 {\n  padding-top: 30px;\n}\n<\/style>\n\t<\/div>\n\t\n\n<div class=\"row\"  id=\"row-461557138\">\n\n\n\t<div id=\"col-1826574439\" class=\"col small-12 large-12\"  >\n\t\t\t\t<div class=\"col-inner\"  >\n\t\t\t\n\t\t\t\n\n<div class=\"container section-title-container\" ><h3 class=\"section-title section-title-center\"><b><\/b><span class=\"section-title-main\" >Inscripciones Extranjeros<\/span><b><\/b><\/h3><\/div>\n\n\t<div id=\"text-497117379\" class=\"text hidden\">\n\t\t\n\n<h2 class=\"thin-font\"><span style=\"color: #008000\"><strong>\u00a1ATENCI\u00d3N! HEMOS EXTENDIDO LAS INSCRIPCIONES<\/strong><\/span><\/h2>\n\t\t\n<style>\n#text-497117379 {\n  text-align: center;\n}\n<\/style>\n\t<\/div>\n\t\n\t<div id=\"text-2386155222\" class=\"text\">\n\t\t\n\n<h3 class=\"thin-font\"><span style=\"font-weight: 400;\">PRECIOS EN OFERTA, 50% DESCUENTO HASTA EL <\/span><strong>DOMINGO 5 DE JULIO<\/strong><span style=\"font-weight: 400;\"> INCLUSIVE<\/span><\/h3>\n\t\t\n<style>\n#text-2386155222 {\n  text-align: center;\n}\n<\/style>\n\t<\/div>\n\t\n\n  \n    <div class=\"row large-columns-3 medium-columns- small-columns-1 row-small has-shadow row-box-shadow-3\">\n  \t\n\t     <div class=\"col\" >\n\t\t\t\t\t\t<div class=\"col-inner\">\n\t\t\t\t\t\t\n<div class=\"badge-container absolute left top z-1\">\n\t\t<div class=\"callout badge badge-circle\"><div class=\"badge-inner secondary on-sale\"><span class=\"onsale\">\u00a1Oferta!<\/span><\/div><\/div>\n<\/div>\n\t\t\t\t\t\t<div class=\"product-small box has-hover box-normal box-text-bottom\">\n\t\t\t\t\t\t\t<div class=\"box-image\" >\n\t\t\t\t\t\t\t\t<div class=\"image-fade-out image-fade-out\" >\n\t\t\t\t\t\t\t\t\t<a href=\"https:\/\/trombonanza.com.ar\/extranjeros\/producto\/inscripcion-completa-2\/\" aria-label=\"Inscripci\u00f3n Est\u00e1ndar  (precios en USD estadounidenses)\">\n\t\t\t\t\t\t\t\t\t\t<img loading=\"lazy\" decoding=\"async\" width=\"300\" height=\"300\" src=\"https:\/\/trombonanza.com.ar\/extranjeros\/wp-content\/uploads\/sites\/2\/2019\/05\/INSCRIPCION-ESTANDAR-NUEVO-EXTRANJEROS-300x300.jpg\" class=\"attachment-medium size-medium\" alt=\"Inscripci\u00f3n Est\u00e1ndar  (precios en USD estadounidenses)\" srcset=\"https:\/\/trombonanza.com.ar\/extranjeros\/wp-content\/uploads\/sites\/2\/2019\/05\/INSCRIPCION-ESTANDAR-NUEVO-EXTRANJEROS-300x300.jpg 300w, https:\/\/trombonanza.com.ar\/extranjeros\/wp-content\/uploads\/sites\/2\/2019\/05\/INSCRIPCION-ESTANDAR-NUEVO-EXTRANJEROS-150x150.jpg 150w, https:\/\/trombonanza.com.ar\/extranjeros\/wp-content\/uploads\/sites\/2\/2019\/05\/INSCRIPCION-ESTANDAR-NUEVO-EXTRANJEROS-100x100.jpg 100w, https:\/\/trombonanza.com.ar\/extranjeros\/wp-content\/uploads\/sites\/2\/2019\/05\/INSCRIPCION-ESTANDAR-NUEVO-EXTRANJEROS.jpg 500w\" sizes=\"auto, (max-width: 300px) 100vw, 300px\" \/>\t\t\t\t\t\t\t\t\t<\/a>\n\t\t\t\t\t\t\t\t\t\t\t\t\t\t\t\t\t\t \t\t\t\t\t\t\t\t<\/div>\n\t\t\t\t\t\t\t\t<div class=\"image-tools top right show-on-hover\">\n\t\t\t\t\t\t\t\t\t\t\t\t\t\t\t\t\t<\/div>\n\t\t\t\t\t\t\t\t\t\t\t\t\t\t\t\t\t<div class=\"image-tools grid-tools text-center hide-for-small bottom hover-slide-in show-on-hover\">\n\t\t\t\t\t\t\t\t\t\t\t\t\t\t\t\t\t\t\t<\/div>\n\t\t\t\t\t\t\t\t\t\t\t\t\t\t\t\t\t\t\t\t\t\t\t<\/div>\n\n\t\t\t\t\t\t\t<div class=\"box-text text-center is-large\" >\n\t\t\t\t\t\t\t\t<div class=\"title-wrapper\"><p class=\"name product-title woocommerce-loop-product__title\"><a href=\"https:\/\/trombonanza.com.ar\/extranjeros\/producto\/inscripcion-completa-2\/\" class=\"woocommerce-LoopProduct-link woocommerce-loop-product__link\">Inscripci\u00f3n Est\u00e1ndar  (precios en USD estadounidenses)<\/a><\/p><\/div><div class=\"price-wrapper\"><\/div>\t\t\t\t\t\t\t<\/div>\n\t\t\t\t\t\t<\/div>\n\t\t\t\t\t\t<\/div>\n\t\t\t\t\t<\/div><div class=\"col\" >\n\t\t\t\t\t\t<div class=\"col-inner\">\n\t\t\t\t\t\t\n<div class=\"badge-container absolute left top z-1\">\n\t\t<div class=\"callout badge badge-circle\"><div class=\"badge-inner secondary on-sale\"><span class=\"onsale\">\u00a1Oferta!<\/span><\/div><\/div>\n<\/div>\n\t\t\t\t\t\t<div class=\"product-small box has-hover box-normal box-text-bottom\">\n\t\t\t\t\t\t\t<div class=\"box-image\" >\n\t\t\t\t\t\t\t\t<div class=\"image-fade-out image-fade-out\" >\n\t\t\t\t\t\t\t\t\t<a href=\"https:\/\/trombonanza.com.ar\/extranjeros\/producto\/inscripcion-mediabeca\/\" aria-label=\"Inscripcion Media Beca (precios en USD estadounidenses)\">\n\t\t\t\t\t\t\t\t\t\t<img loading=\"lazy\" decoding=\"async\" width=\"300\" height=\"300\" src=\"https:\/\/trombonanza.com.ar\/extranjeros\/wp-content\/uploads\/sites\/2\/2019\/05\/precios-en-USD-americanos-300x300.png\" class=\"attachment-medium size-medium\" alt=\"Inscripcion Media Beca (precios en USD estadounidenses)\" srcset=\"https:\/\/trombonanza.com.ar\/extranjeros\/wp-content\/uploads\/sites\/2\/2019\/05\/precios-en-USD-americanos-300x300.png 300w, https:\/\/trombonanza.com.ar\/extranjeros\/wp-content\/uploads\/sites\/2\/2019\/05\/precios-en-USD-americanos-150x150.png 150w, https:\/\/trombonanza.com.ar\/extranjeros\/wp-content\/uploads\/sites\/2\/2019\/05\/precios-en-USD-americanos-768x768.png 768w, https:\/\/trombonanza.com.ar\/extranjeros\/wp-content\/uploads\/sites\/2\/2019\/05\/precios-en-USD-americanos-510x510.png 510w, https:\/\/trombonanza.com.ar\/extranjeros\/wp-content\/uploads\/sites\/2\/2019\/05\/precios-en-USD-americanos-100x100.png 100w, https:\/\/trombonanza.com.ar\/extranjeros\/wp-content\/uploads\/sites\/2\/2019\/05\/precios-en-USD-americanos.png 1024w\" sizes=\"auto, (max-width: 300px) 100vw, 300px\" \/>\t\t\t\t\t\t\t\t\t<\/a>\n\t\t\t\t\t\t\t\t\t\t\t\t\t\t\t\t\t\t \t\t\t\t\t\t\t\t<\/div>\n\t\t\t\t\t\t\t\t<div class=\"image-tools top right show-on-hover\">\n\t\t\t\t\t\t\t\t\t\t\t\t\t\t\t\t\t<\/div>\n\t\t\t\t\t\t\t\t\t\t\t\t\t\t\t\t\t<div class=\"image-tools grid-tools text-center hide-for-small bottom hover-slide-in show-on-hover\">\n\t\t\t\t\t\t\t\t\t\t\t\t\t\t\t\t\t\t\t<\/div>\n\t\t\t\t\t\t\t\t\t\t\t\t\t\t\t\t\t\t\t\t\t\t\t<\/div>\n\n\t\t\t\t\t\t\t<div class=\"box-text text-center is-large\" >\n\t\t\t\t\t\t\t\t<div class=\"title-wrapper\"><p class=\"name product-title woocommerce-loop-product__title\"><a href=\"https:\/\/trombonanza.com.ar\/extranjeros\/producto\/inscripcion-mediabeca\/\" class=\"woocommerce-LoopProduct-link woocommerce-loop-product__link\">Inscripcion Media Beca (precios en USD estadounidenses)<\/a><\/p><\/div><div class=\"price-wrapper\"><\/div>\t\t\t\t\t\t\t<\/div>\n\t\t\t\t\t\t<\/div>\n\t\t\t\t\t\t<\/div>\n\t\t\t\t\t<\/div><div class=\"col\" >\n\t\t\t\t\t\t<div class=\"col-inner\">\n\t\t\t\t\t\t\n<div class=\"badge-container absolute left top z-1\">\n\t\t<div class=\"callout badge badge-circle\"><div class=\"badge-inner secondary on-sale\"><span class=\"onsale\">\u00a1Oferta!<\/span><\/div><\/div>\n<\/div>\n\t\t\t\t\t\t<div class=\"product-small box has-hover box-normal box-text-bottom\">\n\t\t\t\t\t\t\t<div class=\"box-image\" >\n\t\t\t\t\t\t\t\t<div class=\"image-fade-out image-fade-out\" >\n\t\t\t\t\t\t\t\t\t<a href=\"https:\/\/trombonanza.com.ar\/extranjeros\/producto\/inscripcion-beca-completa-2\/\" aria-label=\"Inscripci\u00f3n Beca  (precios en USD estadounidenses)\">\n\t\t\t\t\t\t\t\t\t\t<img loading=\"lazy\" decoding=\"async\" width=\"300\" height=\"300\" src=\"https:\/\/trombonanza.com.ar\/extranjeros\/wp-content\/uploads\/sites\/2\/2019\/05\/INSCRIPCION-COMPLETA-NUEVO-EXTRANJEROS-300x300.jpg\" class=\"attachment-medium size-medium\" alt=\"Inscripci\u00f3n Beca  (precios en USD estadounidenses)\" srcset=\"https:\/\/trombonanza.com.ar\/extranjeros\/wp-content\/uploads\/sites\/2\/2019\/05\/INSCRIPCION-COMPLETA-NUEVO-EXTRANJEROS-300x300.jpg 300w, https:\/\/trombonanza.com.ar\/extranjeros\/wp-content\/uploads\/sites\/2\/2019\/05\/INSCRIPCION-COMPLETA-NUEVO-EXTRANJEROS-150x150.jpg 150w, https:\/\/trombonanza.com.ar\/extranjeros\/wp-content\/uploads\/sites\/2\/2019\/05\/INSCRIPCION-COMPLETA-NUEVO-EXTRANJEROS-100x100.jpg 100w, https:\/\/trombonanza.com.ar\/extranjeros\/wp-content\/uploads\/sites\/2\/2019\/05\/INSCRIPCION-COMPLETA-NUEVO-EXTRANJEROS.jpg 500w\" sizes=\"auto, (max-width: 300px) 100vw, 300px\" \/>\t\t\t\t\t\t\t\t\t<\/a>\n\t\t\t\t\t\t\t\t\t\t\t\t\t\t\t\t\t\t \t\t\t\t\t\t\t\t<\/div>\n\t\t\t\t\t\t\t\t<div class=\"image-tools top right show-on-hover\">\n\t\t\t\t\t\t\t\t\t\t\t\t\t\t\t\t\t<\/div>\n\t\t\t\t\t\t\t\t\t\t\t\t\t\t\t\t\t<div class=\"image-tools grid-tools text-center hide-for-small bottom hover-slide-in show-on-hover\">\n\t\t\t\t\t\t\t\t\t\t\t\t\t\t\t\t\t\t\t<\/div>\n\t\t\t\t\t\t\t\t\t\t\t\t\t\t\t\t\t\t\t\t\t\t\t<\/div>\n\n\t\t\t\t\t\t\t<div class=\"box-text text-center is-large\" >\n\t\t\t\t\t\t\t\t<div class=\"title-wrapper\"><p class=\"name product-title woocommerce-loop-product__title\"><a href=\"https:\/\/trombonanza.com.ar\/extranjeros\/producto\/inscripcion-beca-completa-2\/\" class=\"woocommerce-LoopProduct-link woocommerce-loop-product__link\">Inscripci\u00f3n Beca  (precios en USD estadounidenses)<\/a><\/p><\/div><div class=\"price-wrapper\"><\/div>\t\t\t\t\t\t\t<\/div>\n\t\t\t\t\t\t<\/div>\n\t\t\t\t\t\t<\/div>\n\t\t\t\t\t<\/div><\/div>\n\n\n\t\t<\/div>\n\t\t\t\t\t<\/div>\n\n\t\n\n<\/div>\n<div class=\"row\"  id=\"row-766981702\">\n\n\n\n\t<div id=\"col-146019758\" class=\"col small-12 large-12\"  >\n\t\t\t\t<div class=\"col-inner\"  >\n\t\t\t\n\t\t\t\n\n\t<div id=\"text-1997991205\" class=\"text\">\n\t\t\n\n<p><em><span style=\"font-size: 85%\"><strong>Con autorizaci\u00f3n previa\u2019<\/strong>\u00a0significa que debes enviar una carta de recomendaci\u00f3n de tu Profesor\/ra al e-mail\u00a0<a href=\"mailto:trombonanzaoficial@gmail.com\" target=\"_blank\" rel=\"noopener\">trombonanzaoficial@gmail.com<\/a>\u00a0en la cual hable de tus cualidades musicales y en la que afirme que no est\u00e1s en condiciones econ\u00f3micas de afrontar el costo de la inscripci\u00f3n. Analizaremos tu solicitud y posteriormente te responderemos y as\u00ed tendr\u00e1s tu \u2018autorizaci\u00f3n previa<\/span><\/em><\/p>\n<hr \/>\n<p><em><span style=\"font-size: 85%\"><strong>\u2018With prior authorization\u2019<\/strong> means that you must send a letter of recommendation from your teacher to the email address trombonanzaoficial@gmail.com in which he\/she speaks of your musical qualities and states that you are not in a financial position to pay the registration fee. We will analyze your request and then respond to you, and then you will have your \u2018prior authorization\u2019.<\/span><\/em><\/p>\n\t\t\n<style>\n#text-1997991205 {\n  text-align: center;\n}\n<\/style>\n\t<\/div>\n\t\n\n\t\t<\/div>\n\t\t\t\t\t<\/div>\n\n\t\n\n<\/div>\n\n\n","protected":false},"excerpt":{"rendered":"","protected":false},"author":1,"featured_media":0,"parent":0,"menu_order":0,"comment_status":"closed","ping_status":"closed","template":"","meta":{"footnotes":""},"class_list":["post-9","page","type-page","status-publish","hentry"],"_links":{"self":[{"href":"https:\/\/trombonanza.com.ar\/extranjeros\/wp-json\/wp\/v2\/pages\/9","targetHints":{"allow":["GET"]}}],"collection":[{"href":"https:\/\/trombonanza.com.ar\/extranjeros\/wp-json\/wp\/v2\/pages"}],"about":[{"href":"https:\/\/trombonanza.com.ar\/extranjeros\/wp-json\/wp\/v2\/types\/page"}],"author":[{"embeddable":true,"href":"https:\/\/trombonanza.com.ar\/extranjeros\/wp-json\/wp\/v2\/users\/1"}],"replies":[{"embeddable":true,"href":"https:\/\/trombonanza.com.ar\/extranjeros\/wp-json\/wp\/v2\/comments?post=9"}],"version-history":[{"count":31,"href":"https:\/\/trombonanza.com.ar\/extranjeros\/wp-json\/wp\/v2\/pages\/9\/revisions"}],"predecessor-version":[{"id":560,"href":"https:\/\/trombonanza.com.ar\/extranjeros\/wp-json\/wp\/v2\/pages\/9\/revisions\/560"}],"wp:attachment":[{"href":"https:\/\/trombonanza.com.ar\/extranjeros\/wp-json\/wp\/v2\/media?parent=9"}],"curies":[{"name":"wp","href":"https:\/\/api.w.org\/{rel}","templated":true}]}}