{"id":31,"date":"2019-05-14T16:40:07","date_gmt":"2019-05-14T19:40:07","guid":{"rendered":"https:\/\/trombonanza.com.ar\/extranjeros\/producto\/import-placeholder-for-1233\/"},"modified":"2025-05-02T13:17:42","modified_gmt":"2025-05-02T16:17:42","slug":"inscripcion-completa-2","status":"publish","type":"product","link":"https:\/\/trombonanza.com.ar\/extranjeros\/producto\/inscripcion-completa-2\/","title":{"rendered":"Inscripci\u00f3n Est\u00e1ndar  (precios en USD estadounidenses)"},"content":{"rendered":"<p>Espa\u00f1ol:<\/p>\n<ul>\n<li><b>Vestimenta y Atril: <\/b>Todos los participantes deber\u00e1n asistir con\u00a0<strong>camisa blanca, pantal\u00f3n negro, zapatos y medias negras<\/strong>. Es obligatorio que cada uno traiga su propio\u00a0<strong>atril plegable<\/strong>.<\/li>\n<li><strong>5 almuerzos en el Comedor Universitario UNL:<\/strong> Constan de entrada, plato principal y postre.<\/li>\n<li><strong>Asado para vegetarianos:<\/strong> Deber\u00e1n pagar el mismo importe indicado y habr\u00e1 comida preparada especialmente para los que prefieran ese men\u00fa.<\/li>\n<li><strong>Alojamiento gratuito UPCN:<\/strong> El Club de Campo de UPCN est\u00e1 situado a unos 30 minutos de la zona de actividades de Trombonanza, hay colectivos gratuitos cada media hora (Este transporte <strong>NO<\/strong> depende de la organizaci\u00f3n de Trombonanza). Deber\u00e1s traer todo lo relacionado a higiene personal, inclu\u00eddas tus toallas.<\/li>\n<\/ul>\n<p>English:<\/p>\n<ul>\n<li><strong>Attire and Music Stand:<\/strong> All participants must wear a white shirt, black pants, black shoes, and black socks. Each participant must bring their own folding music stand.<\/li>\n<li><strong>5 Lunches at the UNL University Dining Hall:<\/strong> Consists of an appetizer, main course, and dessert.<\/li>\n<li><strong>Vegetarian Barbecue:<\/strong> Vegetarians must pay the same amount, and a meal will be specially prepared for those who prefer this menu.<\/li>\n<li><strong>Free accommodation at UPCN:<\/strong> The UPCN Country Club is located about 30 minutes from the Trombonanza event area. There are free buses every half hour (this transportation does NOT depend on the Trombonanza organization). You must bring all personal hygiene items, including towels.<\/li>\n<\/ul>\n","protected":false},"excerpt":{"rendered":"<div class=\"product-short-description\">PRECIOS EN OFERTA HASTA EL\u00a0DOMINGO <strong>6 DE JULIO<\/strong> INCLUSIVE &#8211; SALE PRICES UNTIL SUNDAY, <strong>JULY 6<\/strong> INCLUSIVE<\/div>\n","protected":false},"featured_media":225,"comment_status":"closed","ping_status":"closed","template":"","meta":[],"product_brand":[],"product_cat":[19],"product_tag":[],"class_list":{"0":"post-31","1":"product","2":"type-product","3":"status-publish","4":"has-post-thumbnail","6":"product_cat-inscripcion","8":"first","9":"instock","10":"shipping-taxable","11":"product-type-grouped"},"_links":{"self":[{"href":"https:\/\/trombonanza.com.ar\/extranjeros\/wp-json\/wp\/v2\/product\/31","targetHints":{"allow":["GET"]}}],"collection":[{"href":"https:\/\/trombonanza.com.ar\/extranjeros\/wp-json\/wp\/v2\/product"}],"about":[{"href":"https:\/\/trombonanza.com.ar\/extranjeros\/wp-json\/wp\/v2\/types\/product"}],"replies":[{"embeddable":true,"href":"https:\/\/trombonanza.com.ar\/extranjeros\/wp-json\/wp\/v2\/comments?post=31"}],"wp:featuredmedia":[{"embeddable":true,"href":"https:\/\/trombonanza.com.ar\/extranjeros\/wp-json\/wp\/v2\/media\/225"}],"wp:attachment":[{"href":"https:\/\/trombonanza.com.ar\/extranjeros\/wp-json\/wp\/v2\/media?parent=31"}],"wp:term":[{"taxonomy":"product_brand","embeddable":true,"href":"https:\/\/trombonanza.com.ar\/extranjeros\/wp-json\/wp\/v2\/product_brand?post=31"},{"taxonomy":"product_cat","embeddable":true,"href":"https:\/\/trombonanza.com.ar\/extranjeros\/wp-json\/wp\/v2\/product_cat?post=31"},{"taxonomy":"product_tag","embeddable":true,"href":"https:\/\/trombonanza.com.ar\/extranjeros\/wp-json\/wp\/v2\/product_tag?post=31"}],"curies":[{"name":"wp","href":"https:\/\/api.w.org\/{rel}","templated":true}]}}