{"id":42,"date":"2019-05-14T16:40:10","date_gmt":"2019-05-14T19:40:10","guid":{"rendered":"https:\/\/trombonanza.com.ar\/extranjeros\/producto\/import-placeholder-for-1260\/"},"modified":"2025-05-23T20:12:05","modified_gmt":"2025-05-23T23:12:05","slug":"inscripcion-beca-completa-2","status":"publish","type":"product","link":"https:\/\/trombonanza.com.ar\/extranjeros\/producto\/inscripcion-beca-completa-2\/","title":{"rendered":"Inscripci\u00f3n Beca  (precios en USD estadounidenses)"},"content":{"rendered":"<p>Espa\u00f1ol:<\/p>\n<ul>\n<li><strong>Con autorizaci\u00f3n previa:<\/strong> significa que deber\u00e1s enviar una carta de recomendaci\u00f3n de tu Profesor a <a href=\"mailto:trombonanzaoficial@gmail.com\">trombonanzaoficial@gmail.com<\/a>\u00a0y esperar la correspondiente autorizaci\u00f3n para poder inscribirte con esta bonificaci\u00f3n. Esta Beca no incluye comida ni alojamiento e implica estar a disposici\u00f3n de la organizaci\u00f3n de Trombonanza para cuando se requiera alguna ayuda.<\/li>\n<li><b>Vestimenta y Atril: <\/b>Todos los participantes deber\u00e1n asistir con\u00a0<strong>camisa blanca, pantal\u00f3n negro, zapatos y medias negras<\/strong>. Es obligatorio que cada uno traiga su propio\u00a0<strong>atril plegable<\/strong>.<\/li>\n<li><strong>5 almuerzos en el Comedor Universitario UNL:<\/strong> Constan de entrada, plato principal y postre.<\/li>\n<li><strong>Asado para vegetarianos:<\/strong> Deber\u00e1n pagar el mismo importe indicado y habr\u00e1 comida preparada especialmente para los que prefieran ese men\u00fa.<\/li>\n<li><strong>Alojamiento gratuito UPCN:<\/strong> El Club de Campo de UPCN est\u00e1 situado a unos 30 minutos de la zona de actividades de Trombonanza, hay colectivos gratuitos cada media hora (Este transporte <strong>NO<\/strong> depende de la organizaci\u00f3n de Trombonanza). Deber\u00e1s traer todo lo relacionado a higiene personal, inclu\u00eddas tus toallas.<\/li>\n<\/ul>\n<p>English:<\/p>\n<ul>\n<li><strong>With prior authorization:<\/strong>\u00a0means that you must send a letter of recommendation from your teacher to the email address trombonanzaoficial@gmail.com in which he\/she speaks of your musical qualities and states that you are not in a financial position to pay the registration fee. We will analyze your request and then respond to you, and then you will have your \u2018prior authorization\u2019.<\/li>\n<li><strong>Attire and Music Stand:<\/strong> All participants must wear a white shirt, black pants, black shoes, and black socks. Each participant must bring their own folding music stand.<\/li>\n<li><strong>5 Lunches at the UNL University Dining Hall:<\/strong> Consists of an appetizer, main course, and dessert.<\/li>\n<li><strong>Vegetarian Barbecue:<\/strong> Vegetarians must pay the same amount, and a meal will be specially prepared for those who prefer this menu.<\/li>\n<li><strong>Free accommodation at UPCN:<\/strong> The UPCN Country Club is located about 30 minutes from the Trombonanza event area. There are free buses every half hour (this transportation does NOT depend on the Trombonanza organization). You must bring all personal hygiene items, including towels.<\/li>\n<\/ul>\n","protected":false},"excerpt":{"rendered":"<p>PRECIOS EN OFERTA HASTA EL\u00a0DOMINGO <strong>6 DE JULIO<\/strong> INCLUSIVE &#8211; SALE PRICES UNTIL SUNDAY, <strong>JULY 6<\/strong> INCLUSIVE<br \/>\nCon autorizacion previa &#8211; With prior authorization<\/p>\n<p>Esta BECA es <strong>solamente para aquellos que se alojen en el Club de Campo de UPCN<\/strong>.<\/p>\n","protected":false},"featured_media":226,"comment_status":"closed","ping_status":"closed","template":"","meta":[],"product_brand":[],"product_cat":[19],"product_tag":[],"class_list":{"0":"post-42","1":"product","2":"type-product","3":"status-publish","4":"has-post-thumbnail","6":"product_cat-inscripcion","8":"first","9":"instock","10":"sale","11":"shipping-taxable","12":"product-type-grouped"},"_links":{"self":[{"href":"https:\/\/trombonanza.com.ar\/extranjeros\/wp-json\/wp\/v2\/product\/42","targetHints":{"allow":["GET"]}}],"collection":[{"href":"https:\/\/trombonanza.com.ar\/extranjeros\/wp-json\/wp\/v2\/product"}],"about":[{"href":"https:\/\/trombonanza.com.ar\/extranjeros\/wp-json\/wp\/v2\/types\/product"}],"replies":[{"embeddable":true,"href":"https:\/\/trombonanza.com.ar\/extranjeros\/wp-json\/wp\/v2\/comments?post=42"}],"wp:featuredmedia":[{"embeddable":true,"href":"https:\/\/trombonanza.com.ar\/extranjeros\/wp-json\/wp\/v2\/media\/226"}],"wp:attachment":[{"href":"https:\/\/trombonanza.com.ar\/extranjeros\/wp-json\/wp\/v2\/media?parent=42"}],"wp:term":[{"taxonomy":"product_brand","embeddable":true,"href":"https:\/\/trombonanza.com.ar\/extranjeros\/wp-json\/wp\/v2\/product_brand?post=42"},{"taxonomy":"product_cat","embeddable":true,"href":"https:\/\/trombonanza.com.ar\/extranjeros\/wp-json\/wp\/v2\/product_cat?post=42"},{"taxonomy":"product_tag","embeddable":true,"href":"https:\/\/trombonanza.com.ar\/extranjeros\/wp-json\/wp\/v2\/product_tag?post=42"}],"curies":[{"name":"wp","href":"https:\/\/api.w.org\/{rel}","templated":true}]}}